{"id":7507,"date":"2023-06-08T21:32:14","date_gmt":"2023-06-08T19:32:14","guid":{"rendered":"https:\/\/lyon-ville-frontiere.blog.ac-lyon.fr\/wordpress\/?page_id=7507"},"modified":"2023-06-12T15:50:07","modified_gmt":"2023-06-12T13:50:07","slug":"lyon-5-une-mosaique-religieuse","status":"publish","type":"page","link":"https:\/\/lyon-ville-frontiere.blog.ac-lyon.fr\/wordpress\/lyon-5-une-mosaique-religieuse\/","title":{"rendered":"Lyon 5 : Une mosa\u00efque religieuse ?"},"content":{"rendered":"\n<p><strong>Lyon 5 : Une mosa\u00efque religieuse ?&nbsp;<\/strong><\/p>\n\n\n\n<p>Impr\u00e9gn\u00e9 d&rsquo;une forte tradition catholique, le 5e arrondissement de Lyon compte une grande vari\u00e9t\u00e9 de cultes sur son territoire. Mais faut-il parler de  fronti\u00e8res religieuses plus ou moins poreuses aujourd&rsquo;hui?<\/p>\n\n\n\n<p>\/<\/p>\n\n\n\n<figure class=\"wp-block-audio\"><audio controls src=\"https:\/\/lyon-ville-frontiere.blog.ac-lyon.fr\/wordpress\/wp-content\/uploads\/2023\/05\/audio-interview.mp3\"><\/audio><\/figure>\n\n\n\n<p><strong><em>Les diff\u00e9rents arrondissements de la ville de Lyon<\/em><\/strong><\/p>\n\n\n\n<figure class=\"wp-block-image size-full\"><img decoding=\"async\" width=\"800\" height=\"903\" src=\"https:\/\/lyon-ville-frontiere.blog.ac-lyon.fr\/wordpress\/wp-content\/uploads\/2023\/05\/image.jpg\" alt=\"\" class=\"wp-image-7508\" srcset=\"https:\/\/lyon-ville-frontiere.blog.ac-lyon.fr\/wordpress\/wp-content\/uploads\/2023\/05\/image.jpg 800w, https:\/\/lyon-ville-frontiere.blog.ac-lyon.fr\/wordpress\/wp-content\/uploads\/2023\/05\/image-266x300.jpg 266w\" sizes=\"(max-width: 800px) 100vw, 800px\" \/><\/figure>\n\n\n\n<p>Source: CityCrunch<\/p>\n\n\n\n<p>Au sein de la m\u00e9tropole Lyonnaise, la localisation des \u00e9difices religieux met en \u00e9vidence deux fortes concentrations, d\u2019un c\u00f4t\u00e9 les chr\u00e9tiens, notamment avec \u00ab&nbsp;la colline qui prie&nbsp;\u00bb, et de l\u2019autre c\u00f4t\u00e9 la communaut\u00e9 musulmane, plus pr\u00e9sente dans l\u2019Est Lyonnais. Focus sur le 5e arrondissement de Lyon et sa pr\u00e9sence chr\u00e9tienne visible dans l&rsquo;espace urbain.&nbsp;<\/p>\n\n\n\n<p><strong>Lyon 5,&nbsp;\u00ab un quartier saint&nbsp;\u00bb embl\u00e9matique de Lyon&nbsp;<\/strong><\/p>\n\n\n\n<p>La Vierge Marie a jou\u00e9 un temps fort dans la construction de cette solide r\u00e9putation : dans l\u2019histoire de Lyon. <strong>En<\/strong> <strong>septembre 1643<\/strong> les \u00e9chevins de la ville avaient d\u00e9cid\u00e9 de confier \u00e0 Marie la ville pour la prot\u00e9ger de la peste mais aussi pour calmer les peurs de la population et plaire \u00e0 la couronne. Un p\u00e8lerinage annuel est encore organis\u00e9 chaque 8 Septembre sur la colline de Fourvi\u00e8re pour remercier la Vierge d\u2019avoir sauv\u00e9 Lyon, qui devient ainsi \u00ab&nbsp;une ville sainte&nbsp;\u00bb.&nbsp;&nbsp;&nbsp;&nbsp;<\/p>\n\n\n\n<p><strong>Le 8 d\u00e9cembre 1852<\/strong>, une statue d\u00e9di\u00e9e \u00e0 Marie &#8211; inaugur\u00e9e le Jour de l\u2019Immacul\u00e9e Conception \u2013 est install\u00e9e au sommet d\u2019une petite chapelle, actuellement \u00e0 c\u00f4t\u00e9 de la Basilique de Fourvi\u00e8re,l\u2019embl\u00e8me de Lyon. Le point n\u00e9vralgique de toutes les activit\u00e9s religieuses Lyonnaises,  est devenue un lieu de pri\u00e8re d\u2019o\u00f9 le nom \u00ab&nbsp;la colline qui prie&nbsp;\u00bb.<\/p>\n\n\n\n<p><img decoding=\"async\" alt=\"Vue De Lyon Depuis Le Haut De La Basilique Notre Dame De Fourvi\u00e8re ...\" src=\"blob:https:\/\/lyon-ville-frontiere.blog.ac-lyon.fr\/ab250db0-429f-49d1-a139-c5e42afd020d\" width=\"262\" height=\"396\"><\/p>\n\n\n\n<p><strong><em>Vue de Lyon depuis le haut de la Basilique Notre-Dame de Fourvi\u00e8re. La statue de la Vierge domine clairement la ville, c\u2019est le plus haut point de Lyon.<\/em><\/strong><\/p>\n\n\n\n<p><a href=\"https:\/\/www.youtube.com\/watch?v=N8zb6LjBnFU\"><strong><em>L&rsquo;histoire du 8 d\u00e9cembre par le dioc\u00e8se de Lyon<\/em><\/strong><\/a><\/p>\n\n\n\n<p>D\u00e9sormais, <strong>durant ce fameux 8 d\u00e9cembre, la F\u00eate des Lumi\u00e8res<\/strong> est une v\u00e9ritable tradition o\u00f9 un grand nombre de Lyonnais illumine leurs fen\u00eatres pour mettre \u00e0 l\u2019honneur la Vierge Marie.&nbsp;La\u00efques ou religieux, les Lyonnais et touristes sont \u00e0 la crois\u00e9e des chemins pour une m\u00eame cause.<\/p>\n\n\n\n<p><strong><em>Photo prise durant la F\u00eate des Lumi\u00e8res de 2022 \u00e0 Lyon depuis les quais de Sa\u00f4ne. On peut voir la Basilique Notre-Dame de Fourvi\u00e8re, point lumineux le plus \u00e9lev\u00e9 de Lyon.&nbsp;<\/em><\/strong><\/p>\n\n\n\n<figure class=\"wp-block-image size-large\"><img decoding=\"async\" width=\"1024\" height=\"576\" src=\"https:\/\/lyon-ville-frontiere.blog.ac-lyon.fr\/wordpress\/wp-content\/uploads\/2023\/05\/image-4-1024x576.jpg\" alt=\"\" class=\"wp-image-7509\" srcset=\"https:\/\/lyon-ville-frontiere.blog.ac-lyon.fr\/wordpress\/wp-content\/uploads\/2023\/05\/image-4-1024x576.jpg 1024w, https:\/\/lyon-ville-frontiere.blog.ac-lyon.fr\/wordpress\/wp-content\/uploads\/2023\/05\/image-4-300x169.jpg 300w, https:\/\/lyon-ville-frontiere.blog.ac-lyon.fr\/wordpress\/wp-content\/uploads\/2023\/05\/image-4.jpg 1200w\" sizes=\"(max-width: 1024px) 100vw, 1024px\" \/><\/figure>\n\n\n\n<p>Publi\u00e9e le 7 d\u00e9cembre 2022 par Antoine Lebrun &#8211; source: Le Bonbon&nbsp;&nbsp;&nbsp;&nbsp;&nbsp;&nbsp;&nbsp;&nbsp;&nbsp;&nbsp;&nbsp;&nbsp;&nbsp;&nbsp;&nbsp;&nbsp;&nbsp;&nbsp;&nbsp;&nbsp;&nbsp;&nbsp;&nbsp;&nbsp;&nbsp;&nbsp;&nbsp;&nbsp;&nbsp;&nbsp;&nbsp;&nbsp;&nbsp;&nbsp;&nbsp;<\/p>\n\n\n\n<p><strong>Saint Georges, le garant de l\u2019h\u00e9ritage Chr\u00e9tien&nbsp;<\/strong><\/p>\n\n\n\n<p><strong>Lyon a connu<\/strong> <strong>de nombreux conflits <\/strong> entre les catholiques et les protestants&nbsp;; par exemple en 1562 avec l\u2019occupation de Lyon par les Protestants qui interdisent le culte catholique, en 1685 avec le retour des protestants \u00e0 la clandestinit\u00e9 par la r\u00e9vocation de l\u2019Edit de Nantes ou encore en 1787 avec la r\u00e9int\u00e9gration des protestants par un \u00e9dit dans la soci\u00e9t\u00e9 fran\u00e7aise gr\u00e2ce \u00e0 la libert\u00e9 de conscience.&nbsp;&nbsp;&nbsp;<\/p>\n\n\n\n<p><strong>L\u2019\u00e9glise Saint Georges repr\u00e9sente l\u2019h\u00e9ritage des traditions religieuses catholiques \u00e0 Lyon<\/strong> qui ont \u00e9t\u00e9 transmises et enrichies depuis l\u2019Antiquit\u00e9. <\/p>\n\n\n\n<figure class=\"wp-block-image size-large\"><img decoding=\"async\" width=\"778\" height=\"1024\" src=\"https:\/\/lyon-ville-frontiere.blog.ac-lyon.fr\/wordpress\/wp-content\/uploads\/2023\/05\/image-2-778x1024.jpg\" alt=\"\" class=\"wp-image-7512\" srcset=\"https:\/\/lyon-ville-frontiere.blog.ac-lyon.fr\/wordpress\/wp-content\/uploads\/2023\/05\/image-2-778x1024.jpg 778w, https:\/\/lyon-ville-frontiere.blog.ac-lyon.fr\/wordpress\/wp-content\/uploads\/2023\/05\/image-2-228x300.jpg 228w, https:\/\/lyon-ville-frontiere.blog.ac-lyon.fr\/wordpress\/wp-content\/uploads\/2023\/05\/image-2.jpg 912w\" sizes=\"(max-width: 778px) 100vw, 778px\" \/><\/figure>\n\n\n\n<p>Source: Sacha Salazar<\/p>\n\n\n\n<p><strong><em><strong><em>Photo de l\u2019\u00e9difice religieux de Saint Georges prise depuis le quai de Sa\u00f4ne.<\/em><\/strong><\/em><\/strong><\/p>\n\n\n\n<p><\/p>\n\n\n\n<p>Le dimanche 23 Avril 2023, Camille Renaux et Sacha Salazar, on eu la possibilit\u00e9 d\u2019assister \u00e0 une messe et de voir les diff\u00e9rents \u00e9l\u00e9ments sur place qui t\u00e9moigne de l\u2019h\u00e9ritage des traditions religieuses catholiques. Les tenues de pr\u00eatres de couleur rouge, la messe qui \u00e9tait anim\u00e9 en latin. C\u2019\u00e9tait une premi\u00e8re messe de ce type pour nous mais nous avons trouv\u00e9 cel\u00e0 int\u00e9ressant puisque \u00e7a nous ram\u00e8ne dans le pass\u00e9, observer les traditions religieuses qui persistent malgr\u00e9 les si\u00e8cles \u00e9coul\u00e9s.&nbsp;&nbsp;<\/p>\n\n\n\n<figure class=\"wp-block-image size-large\"><img decoding=\"async\" width=\"1024\" height=\"682\" src=\"https:\/\/lyon-ville-frontiere.blog.ac-lyon.fr\/wordpress\/wp-content\/uploads\/2023\/05\/image-5-1024x682.jpg\" alt=\"\" class=\"wp-image-7513\" srcset=\"https:\/\/lyon-ville-frontiere.blog.ac-lyon.fr\/wordpress\/wp-content\/uploads\/2023\/05\/image-5-1024x682.jpg 1024w, https:\/\/lyon-ville-frontiere.blog.ac-lyon.fr\/wordpress\/wp-content\/uploads\/2023\/05\/image-5-300x200.jpg 300w, https:\/\/lyon-ville-frontiere.blog.ac-lyon.fr\/wordpress\/wp-content\/uploads\/2023\/05\/image-5.jpg 1200w\" sizes=\"(max-width: 1024px) 100vw, 1024px\" \/><\/figure>\n\n\n\n<p>source: site de l\u2019\u00e9glise Saint-Georges<\/p>\n\n\n\n<p><strong><em>Photo prise durant une messe en juin 2021<\/em><\/strong><\/p>\n\n\n\n<p><a href=\"https:\/\/youtu.be\/MNqgwexsTqQ\"><strong><em>La messe du 13 octobre 2019 \u00e0 l&rsquo;\u00e9glise Saint-Georges<\/em><\/strong><\/a><\/p>\n\n\n\n<figure class=\"wp-block-embed is-type-video is-provider-youtube wp-block-embed-youtube wp-embed-aspect-16-9 wp-has-aspect-ratio\"><div class=\"wp-block-embed__wrapper\">\n<script>document.addEventListener('DOMContentLoaded', function() {(tarteaucitron.job = tarteaucitron.job || []).push('youtube');});<\/script><div class=\"youtube_player\" videoID=\"MNqgwexsTqQ\" width=\"100%\" height=\"100%\" style=\"height:50vw\" theme=\"light\" rel=\"0\" controls=\"1\" showinfo=\"1\" autoplay=\"0\"><\/div>\n<\/div><\/figure>\n\n\n\n<p><strong>Un peu d\u2019histoire<\/strong> : <strong>Georges \u00e9tait un<\/strong> <strong>saint l\u00e9gendaire<\/strong>. Saint Georges \u00e9tait dans toute la chr\u00e9tient\u00e9, le patron des chevaliers. D\u2019apr\u00e8s la l\u00e9gende, Georges traversa un jour une ville terroris\u00e9e par un redoutable dragon qui d\u00e9vorait toutes les esp\u00e8ces d\u2019animaux sans aucunes exceptions. Le dragon exigea aupr\u00e8s des habitants un tribut quotidien de deux jeunes gens tir\u00e9s au sort. Georges arriva le jour o\u00f9 le sort tomba sur la fille du roi, au moment o\u00f9 celle-ci devait \u00eatre victime du monstre. Georges engagea avec le dragon un combat acharn\u00e9; avec l\u2019aide du Christ, il finit finalement par triompher. La princesse fut d\u00e9livr\u00e9e et, selon certaines versions, dont celle de la L\u00e9gende dor\u00e9e, le dragon, seulement bless\u00e9, lui resta d\u00e9sormais attach\u00e9 comme un chien fid\u00e8le. Plus tard, Georges est victime des pers\u00e9cutions antichr\u00e9tiennes de l&#8217;empereur Diocl\u00e9tien. Il subit en Palestine un martyre effroyable et finit par \u00eatre d\u00e9capit\u00e9.&nbsp;<\/p>\n\n\n\n<figure class=\"wp-block-image size-full\"><img decoding=\"async\" width=\"666\" height=\"1024\" src=\"https:\/\/lyon-ville-frontiere.blog.ac-lyon.fr\/wordpress\/wp-content\/uploads\/2023\/05\/image-1-1.jpg\" alt=\"\" class=\"wp-image-7521\" srcset=\"https:\/\/lyon-ville-frontiere.blog.ac-lyon.fr\/wordpress\/wp-content\/uploads\/2023\/05\/image-1-1.jpg 666w, https:\/\/lyon-ville-frontiere.blog.ac-lyon.fr\/wordpress\/wp-content\/uploads\/2023\/05\/image-1-1-195x300.jpg 195w\" sizes=\"(max-width: 666px) 100vw, 666px\" \/><\/figure>\n\n\n\n<p>Repr\u00e9sentation de Saint Georges, peinture (1455-1470), Majorque Mus\u00e9e dioc\u00e9sain<\/p>\n\n\n\n<p><strong>Lyon compte aujourd\u2019hui 164 \u00e9glises chr\u00e9tiennes<\/strong>, des religions rapport\u00e9es \u00e0 la bible soit le catholicisme, l\u2019orthodoxie et le protestantisme. La ville de Lyon ne poss\u00e8de en comparaison que 26 mosqu\u00e9es. Le nombre d\u2019\u00e9glises est donc consid\u00e9rable par rapport aux autres \u00e9difices religieux.&nbsp; &nbsp;&nbsp;&nbsp;&nbsp;&nbsp;&nbsp;&nbsp;&nbsp;&nbsp;&nbsp;&nbsp;&nbsp;&nbsp;&nbsp;&nbsp;&nbsp;&nbsp;&nbsp;&nbsp;&nbsp;&nbsp;&nbsp;&nbsp;&nbsp;&nbsp;&nbsp;&nbsp;&nbsp;&nbsp;&nbsp;&nbsp;&nbsp;&nbsp;&nbsp;&nbsp;&nbsp;&nbsp;&nbsp;&nbsp;&nbsp;&nbsp;&nbsp;<\/p>\n\n\n\n<p><strong>Le Cinqui\u00e8me Arrondissement de Lyon<\/strong> est compos\u00e9 de nombreux quartiers dont le nom provient des \u00e9glises paroissiales pr\u00e9sentes comme le quartier Saint-Jean, le quartier Saint-Paul ou encore les nombreux quartiers sur la colline de Fourvi\u00e8re tels que le quartier de Saint-Just et le quartier Saint-Ir\u00e9n\u00e9e. Lyon 5 compte 23 \u00e9coles priv\u00e9es catholiques dont 6 lyc\u00e9es et 13 \u00e9glises au sein de son arrondissement.&nbsp;<\/p>\n\n\n\n<p>Reflet d\u2019une v\u00e9ritable concentration de la population catholique et chr\u00e9tienne dans le 5<sup>\u00e8me<\/sup> arrondissement de Lyon.<\/p>\n\n\n\n<p><img decoding=\"async\" src=\"blob:https:\/\/lyon-ville-frontiere.blog.ac-lyon.fr\/d8b6d3f8-e4b9-4673-8bef-63976daf2a06\" style=\"\"><\/p>\n\n\n\n<p class=\"has-text-align-left\"><img decoding=\"async\" src=\"blob:https:\/\/lyon-ville-frontiere.blog.ac-lyon.fr\/c97437d4-ea09-4e9a-8057-3b58442eaf5d\" style=\"\"><\/p>\n\n\n\n<p><strong><em>Vue de la Sa\u00f4ne \u00e0 Lyon, avec la Cath\u00e9drale Saint-Jean et la Basilique de Fourvi\u00e8re, deux lieux Chr\u00e9tiens importants s\u2019inscrivant sur le m\u00eame paysage urbain.&nbsp;<\/em><\/strong><\/p>\n\n\n\n<p><strong>Lyon, une ville ouverte \u00e0 d\u2019autres religions<\/strong><\/p>\n\n\n\n<p><strong>Lyon compte \u00e0 l\u2019heure actuelle 26 mosqu\u00e9es<\/strong>, \u00e9difices consacr\u00e9s au culte musulman.&nbsp;<\/p>\n\n\n\n<p><strong>Le Huiti\u00e8me Arrondissement de Lyon<\/strong> est compos\u00e9 de 8 mosqu\u00e9es dont la Grande Mosqu\u00e9e de Lyon inaugur\u00e9e en 1994. Ces \u00e9difices montrent qu\u2019il y a une concentration de la population musulmane dans cet arrondissement m\u00eame si la communaut\u00e9 chr\u00e9tienne y est plus importante. <strong>Il y a six fois moins de mosqu\u00e9es que d\u2019\u00e9glises \u00e0 Lyon<\/strong>. La population musulmane est arriv\u00e9e dans cette ville par vagues successives d\u2019immigration qui datent du XX\u00e8me si\u00e8cle en provenance des pays du Maghreb.<\/p>\n\n\n\n<p><img decoding=\"async\" src=\"blob:https:\/\/lyon-ville-frontiere.blog.ac-lyon.fr\/8e60c088-f401-4abb-a14d-7ea96b7a6ae3\" width=\"463\" height=\"308\"><\/p>\n\n\n\n<div class=\"wp-block-columns is-layout-flex wp-container-core-columns-is-layout-9d6595d7 wp-block-columns-is-layout-flex\">\n<div class=\"wp-block-column is-layout-flow wp-block-column-is-layout-flow\" style=\"flex-basis:100%\">\n<p>La grande mosqu\u00e9e de Lyon, construite dans le 8e arrondissement &#8211; source: Le Progr\u00e8s<\/p>\n<\/div>\n<\/div>\n\n\n\n<p> En 1980, l\u2019Association Communautaire Lyonnaise pour l\u2019Islam de France voit le jour. La population musulmane est en pleine \u00e9volution, en augmentation, une v\u00e9ritable concentration religieuse \u00e0 Lyon&nbsp;!<\/p>\n\n\n\n<p><strong>Peut-on parler de mixit\u00e9 religieuse \u00e0 Lyon&nbsp;?<\/strong><\/p>\n\n\n\n<p>&nbsp; Les populations de diff\u00e9rentes religions se m\u00e9langent, se c\u00f4toient mais restent majoritairement regroup\u00e9es \u00e0 l\u2019ouest pour les chr\u00e9tiens et l\u2019est pour les musulmans derri\u00e8re leurs fronti\u00e8res \u2026<\/p>\n\n\n\n<p>Lyon est une ville ouverte \u00e0 toutes les religions, non seulement les religions catholiques et musulmane mais \u00e9galement le juda\u00efsme, le bouddhisme, les t\u00e9moins de J\u00e9hovah, les protestants, et la ville compte plusieurs \u00e9glises arm\u00e9niennes, grecques\u2026 Par exemple, dans le 5e arrondissement ainsi que dans l\u2019ensemble de la ville, des t\u00e9moins de J\u00e9hovah font du porte \u00e0 porte, il existe plusieurs synagogues et un temple bouddhiste \u00e0 Sainte-Foy-les-Lyon. Toutes ces religions coexistent dans Lyon, m\u00eame si elles sont moins pratiqu\u00e9es que le catholicisme et l\u2019islam.<\/p>\n\n\n\n<figure class=\"wp-block-image size-large\"><a href=\"https:\/\/www.google.com\/maps\/d\/viewer?mid=1qQaeati9FvqhOo7-jDe8xx3eqVdmeaU&amp;ll=45.7561852733212%2C4.815001639260497&amp;z=14\" target=\"_blank\" rel=\"noreferrer noopener\"><img decoding=\"async\" width=\"1024\" height=\"453\" src=\"https:\/\/lyon-ville-frontiere.blog.ac-lyon.fr\/wordpress\/wp-content\/uploads\/2023\/05\/image-7-1024x453.jpg\" alt=\"\" class=\"wp-image-7522\" srcset=\"https:\/\/lyon-ville-frontiere.blog.ac-lyon.fr\/wordpress\/wp-content\/uploads\/2023\/05\/image-7-1024x453.jpg 1024w, https:\/\/lyon-ville-frontiere.blog.ac-lyon.fr\/wordpress\/wp-content\/uploads\/2023\/05\/image-7-300x133.jpg 300w, https:\/\/lyon-ville-frontiere.blog.ac-lyon.fr\/wordpress\/wp-content\/uploads\/2023\/05\/image-7.jpg 1200w\" sizes=\"(max-width: 1024px) 100vw, 1024px\" \/><\/a><\/figure>\n\n\n\n<p><strong><em><a href=\"https:\/\/www.google.com\/maps\/d\/viewer?mid=1qQaeati9FvqhOo7-jDe8xx3eqVdmeaU&amp;ll=45.7561852733212%2C4.815001639260497&amp;z=14\">Cette carte montre par exemple la mixit\u00e9 religieuse au niveau du 5e arrondissement<\/a>.&nbsp;<\/em><\/strong><\/p>\n\n\n\n<p>En bleu, nous pouvons constater des \u00e9difices chr\u00e9tiens, majoritaires dans le 5e arrondissement. En rouge l&rsquo;unique \u00e9difice d\u00e9di\u00e9 au protestantisme. Ainsi qu\u2019une seule salle des royaumes, b\u00e2timent d\u00e9di\u00e9 aux t\u00e9moins de J\u00e9hovah. Pour finir, le 5e arrondissement ne poss\u00e8de qu\u2019une mosqu\u00e9e au niveau de Saint Just.&nbsp;<\/p>\n\n\n\n<p>Ainsi, le 5\u00e8me arrondissement de Lyon est et a toujours \u00e9t\u00e9 un espace majoritairement chr\u00e9tien comme son histoire le montre. Cependant cette majorit\u00e9 chr\u00e9tienne ne signifie pas l\u2019exclusion des autres religions, qui coexistent dans l\u2019ensemble de la ville depuis des ann\u00e9es. On parle donc de mosa\u00efque religieuse, synonyme de mixit\u00e9, qui repr\u00e9sente l\u2019harmonie dans laquelle existent ces diff\u00e9rentes religions dans Lyon. Enfin, les fronti\u00e8res religieuses au sein de la ville ne sont pas forc\u00e9ment spatiales, mais plus souvent mentales.<\/p>\n\n\n\n<p class=\"has-text-align-center\"><strong>Sacha S., Camille R., Camille J;, Fatima M., Mattana\u00ebl R.<\/strong><\/p>\n\n\n\n<p class=\"has-text-align-center\">Groupe 5 1\u00e8re HGGSP<\/p>\n\n\n\n<p class=\"has-text-align-center\">Ann\u00e9e 2022\/2023<\/p>\n","protected":false},"excerpt":{"rendered":"<p>Lyon 5 : Une mosa\u00efque religieuse ?&nbsp; Impr\u00e9gn\u00e9 d&rsquo;une forte tradition catholique, le 5e arrondissement de Lyon compte une grande vari\u00e9t\u00e9 de cultes sur son territoire. Mais faut-il parler de fronti\u00e8res religieuses plus ou moins poreuses aujourd&rsquo;hui? \/ Les diff\u00e9rents&#8230; <a class=\"more-link\" href=\"https:\/\/lyon-ville-frontiere.blog.ac-lyon.fr\/wordpress\/lyon-5-une-mosaique-religieuse\/\">Lire la suite &rarr;<\/a><\/p>\n","protected":false},"author":10,"featured_media":7512,"parent":0,"menu_order":0,"comment_status":"closed","ping_status":"closed","template":"","meta":{"xn-wppe-expiration":[],"xn-wppe-expiration-action":[],"xn-wppe-expiration-prefix":[],"advgb_blocks_editor_width":"","advgb_blocks_columns_visual_guide":"","_EventAllDay":false,"_EventTimezone":"","_EventStartDate":"","_EventEndDate":"","_EventStartDateUTC":"","_EventEndDateUTC":"","_EventShowMap":false,"_EventShowMapLink":false,"_EventURL":"","_EventCost":"","_EventCostDescription":"","_EventCurrencySymbol":"","_EventCurrencyPosition":"","_EventDateTimeSeparator":"","_EventTimeRangeSeparator":"","_EventOrganizerID":[],"_EventVenueID":0,"_OrganizerEmail":"","_OrganizerPhone":"","_OrganizerWebsite":"","_VenueAddress":"","_VenueCity":"","_VenueCountry":"","_VenueProvince":"","_VenueZip":"","_VenuePhone":"","_VenueURL":"","_VenueStateProvince":"","_VenueLat":"","_VenueLng":"","footnotes":""},"class_list":["post-7507","page","type-page","status-publish","has-post-thumbnail","hentry"],"coauthors":[],"author_meta":{"author_link":"https:\/\/lyon-ville-frontiere.blog.ac-lyon.fr\/wordpress\/author\/laure-vandenabeele\/","display_name":"Laure Vandenabeele"},"relative_dates":{"created":"Publi\u00e9 3 ans il y a","modified":"Mis \u00e0 jour 3 ans il y a"},"absolute_dates":{"created":"Publi\u00e9 le 8 juin 2023","modified":"Mise \u00e0 jour le 12 juin 2023"},"absolute_dates_time":{"created":"Publi\u00e9 le 8 juin 2023 21 h 32 min","modified":"Mise \u00e0 jour le 12 juin 2023 15 h 50 min"},"featured_img_caption":"","featured_img":"https:\/\/lyon-ville-frontiere.blog.ac-lyon.fr\/wordpress\/wp-content\/uploads\/2023\/05\/image-2.jpg","series_order":"","_links":{"self":[{"href":"https:\/\/lyon-ville-frontiere.blog.ac-lyon.fr\/wordpress\/wp-json\/wp\/v2\/pages\/7507","targetHints":{"allow":["GET"]}}],"collection":[{"href":"https:\/\/lyon-ville-frontiere.blog.ac-lyon.fr\/wordpress\/wp-json\/wp\/v2\/pages"}],"about":[{"href":"https:\/\/lyon-ville-frontiere.blog.ac-lyon.fr\/wordpress\/wp-json\/wp\/v2\/types\/page"}],"author":[{"embeddable":true,"href":"https:\/\/lyon-ville-frontiere.blog.ac-lyon.fr\/wordpress\/wp-json\/wp\/v2\/users\/10"}],"replies":[{"embeddable":true,"href":"https:\/\/lyon-ville-frontiere.blog.ac-lyon.fr\/wordpress\/wp-json\/wp\/v2\/comments?post=7507"}],"version-history":[{"count":13,"href":"https:\/\/lyon-ville-frontiere.blog.ac-lyon.fr\/wordpress\/wp-json\/wp\/v2\/pages\/7507\/revisions"}],"predecessor-version":[{"id":7911,"href":"https:\/\/lyon-ville-frontiere.blog.ac-lyon.fr\/wordpress\/wp-json\/wp\/v2\/pages\/7507\/revisions\/7911"}],"wp:featuredmedia":[{"embeddable":true,"href":"https:\/\/lyon-ville-frontiere.blog.ac-lyon.fr\/wordpress\/wp-json\/wp\/v2\/media\/7512"}],"wp:attachment":[{"href":"https:\/\/lyon-ville-frontiere.blog.ac-lyon.fr\/wordpress\/wp-json\/wp\/v2\/media?parent=7507"}],"curies":[{"name":"wp","href":"https:\/\/api.w.org\/{rel}","templated":true}]}}